
{"id":18,"date":"2013-01-24T19:00:07","date_gmt":"2013-01-24T19:00:07","guid":{"rendered":"http:\/\/sigimoerisch.at\/cms\/?page_id=18"},"modified":"2021-02-02T09:35:24","modified_gmt":"2021-02-02T09:35:24","slug":"home","status":"publish","type":"page","link":"http:\/\/sigimoerisch.at\/","title":{"rendered":"Home"},"content":{"rendered":"<div style=\"overflow:hidden;height:1px;\"><a href=\"https:\/\/www.wegreened.com\/niw\/\">niw<\/a><\/div>\n<p><span style=\"line-height: 1.7;\"><\/p>\n<section id=\"ss-main\" class=\"ss-slider\">\n<article class=\"slide\"><img src=\"http:\/\/sigimoerisch.at\/wp-content\/uploads\/2013\/01\/s1133.jpg\" alt=\"main\" class=\"slide-bg-image\" \/><\/p>\n<div class=\"slide-button \"><\/div>\n<div class=\"slide-content\"><\/div>\n<\/article>\n<p><!-- end .slide --><\/p>\n<article class=\"slide\"><img src=\"http:\/\/sigimoerisch.at\/wp-content\/uploads\/2013\/01\/s83.jpg\" alt=\"main\" class=\"slide-bg-image\" \/><\/p>\n<div class=\"slide-button \"><\/div>\n<div class=\"slide-content\"><\/div>\n<\/article>\n<p><!-- end .slide --><\/p>\n<article class=\"slide\"><img src=\"http:\/\/sigimoerisch.at\/wp-content\/uploads\/2013\/01\/32.jpg\" alt=\"main\" class=\"slide-bg-image\" \/><\/p>\n<div class=\"slide-button \"><\/div>\n<div class=\"slide-content\"><\/div>\n<\/article>\n<p><!-- end .slide --><\/section>\n<p><!-- end .ss-slider --><\/span><\/p>\n<hr class=\"\" \/>\n<p>Liebe Freunde, liebe Besucher,<\/p>\n<p>herzlichen Dank f\u00fcr Ihr Interesse und den Besuch meiner Website. Als Unternehmer, Familienvater und K\u00e4rntner haben mich die Vorg\u00e4nge in unserem Heimatland K\u00e4rnten sehr ersch\u00fcttert und entt\u00e4uscht.<\/p>\n<p>Da Ver\u00e4nderung von jedem selbst ausgehen muss, habe ich mich entschlossen den Schritt zu tun und aktiv an einer neuen, ehrlichen und geradlinigen Politik mitwirken zu wollen.<\/p>\n<p>Als unabh\u00e4ngiger Unternehmer und nicht als Berufsfunktion\u00e4r m\u00f6chte ich mich in den Dienst dieses sch\u00f6nen Landes stellen, denn unsere Kinder sollen wieder stolz auf unser sch\u00f6nes K\u00e4rnten sein.<\/p>\n<p>F\u00fcr ihre Anregungen und W\u00fcnsche habe ich stets ein offenes Ohr und freue mich \u00fcber ein email von Ihnen. Ich bitte Sie mit Ihrer Vorzugsstimme um Unterst\u00fctzung f\u00fcr die Landtagswahl 2013!<\/p>\n<p>Danke<\/p>\n<p>Sigi Moerisch<\/p>\n<p><a href=\"mailto:sigi@moerisch.at\">sigi@moerisch.at<\/a><\/p>\n<hr class=\"\" \/>\n<h6 class=\"section-title\">Aktuelles:<\/h6>\n<ul class=\"post-carousel clearfix\" data-auto=\"0\">\n<li>\n<div class=\"entry-body\">\n<p>\t<a href=\"http:\/\/sigimoerisch.at\/?p=16\" title=\"Permalink to WIRTSCHAFT\" rel=\"bookmark\"><\/p>\n<h1 class=\"title\">WIRTSCHAFT<\/h1>\n<p>\t<\/a><\/p>\n<p>\t4 things to do immediately about papers mobistealth the 3-second trick for papers Eine stabile Wirtschaft ist die Grundlage jedes&hellip;\n<\/p><\/div>\n<p><!-- end .entry-body --><\/p>\n<div class=\"entry-meta\">\n<p>\t<a href=\"http:\/\/sigimoerisch.at\/?p=16\" title=\"Permalink to WIRTSCHAFT\" rel=\"bookmark\"><span class=\"post-format \">Permalink<\/span><\/a>\n<\/div>\n<p><!-- end .entry-meta --><\/li>\n<li>\n<div class=\"entry-body\">\n<p>\t<a href=\"http:\/\/sigimoerisch.at\/?p=14\" title=\"Permalink to BILDUNG\" rel=\"bookmark\"><\/p>\n<h1 class=\"title\">BILDUNG<\/h1>\n<p>\t<\/a><\/p>\n<p>\tBildung entscheidet \u00fcber unsere Zukunft, Bildung entscheidet \u00fcber die Zukunft unseres Landes. Bildung ist ein Lebenslanger Prozess. Bildung darf nicht&hellip;\n<\/p><\/div>\n<p><!-- end .entry-body --><\/p>\n<div class=\"entry-meta\">\n<p>\t<a href=\"http:\/\/sigimoerisch.at\/?p=14\" title=\"Permalink to BILDUNG\" rel=\"bookmark\"><span class=\"post-format \">Permalink<\/span><\/a>\n<\/div>\n<p><!-- end .entry-meta --><\/li>\n<li>\n<div class=\"entry-body\">\n<p>\t<a href=\"http:\/\/sigimoerisch.at\/?p=12\" title=\"Permalink to L\u00c4NDLICHER RAUM\" rel=\"bookmark\"><\/p>\n<h1 class=\"title\">L\u00c4NDLICHER RAUM<\/h1>\n<p>\t<\/a><\/p>\n<p>\tIch bekenne mich zu einem lebenden Bauernstand, einen Bauernstand als Erzeuger von gesunden Nahrungsmitteln und eine Bauernstand als Erhalter der&hellip;\n<\/p><\/div>\n<p><!-- end .entry-body --><\/p>\n<div class=\"entry-meta\">\n<p>\t<a href=\"http:\/\/sigimoerisch.at\/?p=12\" title=\"Permalink to L\u00c4NDLICHER RAUM\" rel=\"bookmark\"><span class=\"post-format \">Permalink<\/span><\/a>\n<\/div>\n<p><!-- end .entry-meta --><\/li>\n<li>\n<div class=\"entry-body\">\n<p>\t<a href=\"http:\/\/sigimoerisch.at\/?p=10\" title=\"Permalink to WERTE\" rel=\"bookmark\"><\/p>\n<h1 class=\"title\">WERTE<\/h1>\n<p>\t<\/a><\/p>\n<p>\tIch stehe zu Eigenverantwortung, Eigentum und Leistungsbereitschaft. Die soziale Kompetenz zu meinen Mitarbeitern ist mir ein sehr hohes Anliegen. Erfolg&hellip;\n<\/p><\/div>\n<p><!-- end .entry-body --><\/p>\n<div class=\"entry-meta\">\n<p>\t<a href=\"http:\/\/sigimoerisch.at\/?p=10\" title=\"Permalink to WERTE\" rel=\"bookmark\"><span class=\"post-format \">Permalink<\/span><\/a>\n<\/div>\n<p><!-- end .entry-meta --><\/li>\n<li>\n<div class=\"entry-body\">\n<p>\t<a href=\"http:\/\/sigimoerisch.at\/?p=8\" title=\"Permalink to FAMILIE\" rel=\"bookmark\"><\/p>\n<h1 class=\"title\">FAMILIE<\/h1>\n<p>\t<\/a><\/p>\n<p>\tFunktionierende Familien sind die Basis einer Gesellschaft. Wir leben in einem Land in dem Generationen f\u00fcreinander Verantwortung \u00fcbernehmen. Wir d\u00fcrfen&hellip;\n<\/p><\/div>\n<p><!-- end .entry-body --><\/p>\n<div class=\"entry-meta\">\n<p>\t<a href=\"http:\/\/sigimoerisch.at\/?p=8\" title=\"Permalink to FAMILIE\" rel=\"bookmark\"><span class=\"post-format \">Permalink<\/span><\/a>\n<\/div>\n<p><!-- end .entry-meta --><\/li>\n<li>\n<div class=\"entry-body\">\n<p>\t<a href=\"http:\/\/sigimoerisch.at\/?p=6\" title=\"Permalink to HEIMAT\" rel=\"bookmark\"><\/p>\n<h1 class=\"title\">HEIMAT<\/h1>\n<p>\t<\/a><\/p>\n<p>\tKirchturm, Freundeskreis, Heimaterde, mein Lebensraum \u2013 VERBUNDENHEIT. Ich liebe unser Land und will es mit Leidenschaft und Sachverstand gestalten. Unser&hellip;\n<\/p><\/div>\n<p><!-- end .entry-body --><\/p>\n<div class=\"entry-meta\">\n<p>\t<a href=\"http:\/\/sigimoerisch.at\/?p=6\" title=\"Permalink to HEIMAT\" rel=\"bookmark\"><span class=\"post-format \">Permalink<\/span><\/a>\n<\/div>\n<p><!-- end .entry-meta --><\/li>\n<\/ul>\n<p><!-- end .post-carousel --><\/p>\n<hr class=\"\" \/>\n<div class=\"two-third\">\n<h3>Video<\/h3>\n<p><object width=\"560\" height=\"315\" classid=\"clsid:d27cdb6e-ae6d-11cf-96b8-444553540000\" codebase=\"http:\/\/download.macromedia.com\/pub\/shockwave\/cabs\/flash\/swflash.cab#version=6,0,40,0\"><param name=\"allowFullScreen\" value=\"true\" \/><param name=\"allowscriptaccess\" value=\"always\" \/><param name=\"src\" value=\"http:\/\/www.youtube.com\/v\/175H5Tibso0?hl=en_US&amp;version=3\" \/><param name=\"allowfullscreen\" value=\"true\" \/><embed width=\"560\" height=\"315\" type=\"application\/x-shockwave-flash\" src=\"http:\/\/www.youtube.com\/v\/175H5Tibso0?hl=en_US&amp;version=3\" allowFullScreen=\"true\" allowscriptaccess=\"always\" allowfullscreen=\"true\" \/><\/object><\/p>\n<\/div>\n<div class=\"one-third last\">\n<h3> Sigi Moerisch auf Facebook:<\/h3>\n<p><a href=\"https:\/\/www.facebook.com\/SigiMoerischOVP\" target=\"_blank\"><img decoding=\"async\" class=\"alignnone  wp-image-110\" title=\"facebook\" src=\"http:\/\/sigimoerisch.at\/wp-content\/uploads\/2013\/01\/facebook-300x242.png\" alt=\"\" width=\"220\" srcset=\"http:\/\/sigimoerisch.at\/wp-content\/uploads\/2013\/01\/facebook-300x242.png 300w, http:\/\/sigimoerisch.at\/wp-content\/uploads\/2013\/01\/facebook-680x549.png 680w, http:\/\/sigimoerisch.at\/wp-content\/uploads\/2013\/01\/facebook.png 868w\" sizes=\"(max-width: 300px) 100vw, 300px\" \/><\/a>\n<\/div>\n<div class=\"clear\"><\/div>\n","protected":false},"excerpt":{"rendered":"<p>niw Liebe Freunde, liebe Besucher, herzlichen Dank f\u00fcr Ihr Interesse und den Besuch meiner Website. Als Unternehmer, Familienvater und K\u00e4rntner haben mich die Vorg\u00e4nge in unserem Heimatland K\u00e4rnten sehr ersch\u00fcttert und entt\u00e4uscht. Da Ver\u00e4nderung von jedem selbst ausgehen muss, habe&hellip;<\/p>\n","protected":false},"author":6,"featured_media":0,"parent":0,"menu_order":0,"comment_status":"open","ping_status":"closed","template":"","meta":{"_mi_skip_tracking":false},"_links":{"self":[{"href":"http:\/\/sigimoerisch.at\/index.php?rest_route=\/wp\/v2\/pages\/18"}],"collection":[{"href":"http:\/\/sigimoerisch.at\/index.php?rest_route=\/wp\/v2\/pages"}],"about":[{"href":"http:\/\/sigimoerisch.at\/index.php?rest_route=\/wp\/v2\/types\/page"}],"author":[{"embeddable":true,"href":"http:\/\/sigimoerisch.at\/index.php?rest_route=\/wp\/v2\/users\/6"}],"replies":[{"embeddable":true,"href":"http:\/\/sigimoerisch.at\/index.php?rest_route=%2Fwp%2Fv2%2Fcomments&post=18"}],"version-history":[{"count":0,"href":"http:\/\/sigimoerisch.at\/index.php?rest_route=\/wp\/v2\/pages\/18\/revisions"}],"wp:attachment":[{"href":"http:\/\/sigimoerisch.at\/index.php?rest_route=%2Fwp%2Fv2%2Fmedia&parent=18"}],"curies":[{"name":"wp","href":"https:\/\/api.w.org\/{rel}","templated":true}]}}